{"id":28,"date":"2017-01-10T09:19:54","date_gmt":"2017-01-10T09:19:54","guid":{"rendered":"https:\/\/astilias.com\/site\/?page_id=28"},"modified":"2022-12-06T00:12:00","modified_gmt":"2022-12-06T00:12:00","slug":"restaurante","status":"publish","type":"page","link":"https:\/\/astilias.com\/site\/restaurante\/","title":{"rendered":"As T\u00edlias"},"content":{"rendered":"<p>[vc_row row_delimiter=&#8221;&#8221; row_fixed=&#8221;&#8221; hide_on_tablet=&#8221;&#8221; hide_on_mobile=&#8221;&#8221; hide_on_frontpage=&#8221;&#8221; css=&#8221;.vc_custom_1670285355790{margin-right: 10% !important;margin-left: 10% !important;background-position: center !important;background-repeat: no-repeat !important;background-size: cover !important;}&#8221;][vc_column icons_position=&#8221;left&#8221; offset=&#8221;vc_hidden-sm vc_hidden-xs&#8221;][vc_empty_space height=&#8221;15px&#8221; alter_height=&#8221;superhuge&#8221; hide_on_mobile=&#8221;&#8221;]<div id=\"sc_title_1928964291\"\r\n\t\tclass=\"sc_title sc_title_default\"><h3 class=\"sc_item_title sc_title_title sc_align_center sc_item_title_style_default\">Restaurante As T\u00edlias<\/h3><h6 class=\"sc_item_subtitle sc_title_subtitle sc_align_center sc_item_title_style_default\">Cozinhamos com gosto!<\/h6><\/div><!-- \/.sc_title -->[vc_empty_space height=&#8221;15px&#8221; alter_height=&#8221;medium&#8221; hide_on_mobile=&#8221;&#8221; css=&#8221;.vc_custom_1670285462504{margin-bottom: 0.3rem !important;}&#8221;][vc_column_text]Com mais de 20 anos de vida, o Restaurante \u201cAs T\u00edlias\u201d na cidade do Fund\u00e3o apresenta uma ementa sazonal que reinventa as receitas tradicionais, apostando sempre em produtos regionais de elevada qualidade.<br \/>\nAgora num ambiente renovado, o Restaurante \u201cAs T\u00edlias\u201d, prop\u00f5e-lhe uma refei\u00e7\u00e3o num espa\u00e7o amplo e agrad\u00e1vel, ideal para apreciar em pleno a sua refei\u00e7\u00e3o servida com a mais genu\u00edna hospitalidade beir\u00e3.[\/vc_column_text][vc_empty_space height=&#8221;15px&#8221; alter_height=&#8221;medium&#8221; hide_on_mobile=&#8221;&#8221; css=&#8221;.vc_custom_1670285478659{margin-bottom: 0.3rem !important;}&#8221;][vc_gallery type=&#8221;image_grid&#8221; images=&#8221;4761,4762,4763,4764,4765,4766,4767,4768,4769,4770,4908,4906,4905,4904,4903,4902,4901,4909,4910,4911,4915&#8243; img_size=&#8221;medium&#8221;][vc_empty_space alter_height=&#8221;medium&#8221; hide_on_mobile=&#8221;&#8221; css=&#8221;.vc_custom_1486999992930{margin-bottom: 0.3rem !important;}&#8221;][\/vc_column][\/vc_row][vc_row full_width=&#8221;stretch_row&#8221; css=&#8221;.vc_custom_1669593959531{background-image: url(https:\/\/astilias.com\/site\/wp-content\/uploads\/2022\/11\/textured-background-in-white-tone-scaled.jpg?id=4701) !important;}&#8221;][vc_column icons_position=&#8221;left&#8221;][vc_empty_space alter_height=&#8221;superhuge&#8221; hide_on_mobile=&#8221;&#8221;]<div class=\"sc_team sc_team_short\"><h3 class=\"sc_item_title sc_team_title sc_align_center sc_item_title_style_default\">Profissionais experientes<\/h3><h6 class=\"sc_item_subtitle sc_team_subtitle sc_align_center sc_item_title_style_default\">A nossa equipa<\/h6><div class=\"sc_team_columns sc_item_columns trx_addons_columns_wrap columns_padding_bottom\"><div class=\"trx_addons_column-1_2\"><div class=\"sc_team_item\">\r\n\t<div class=\"post_featured sc_team_item_thumb trx_addons_hover trx_addons_hover_style_zoomin\">\r\n\t\t\t\t\t\t\t\t\t\t<a href=\"https:\/\/astilias.com\/site\/team\/claudia-diogo\/\" aria-hidden=\"true\"><img fetchpriority=\"high\" decoding=\"async\" width=\"370\" height=\"370\" src=\"https:\/\/astilias.com\/site\/wp-content\/uploads\/2017\/01\/306854807_5735750926482205_334999758181420676_n-370x370.jpeg\" class=\"attachment-trx_addons-thumb-avatar size-trx_addons-thumb-avatar wp-post-image\" alt=\"Chef Cl\u00e1udia\" srcset=\"https:\/\/astilias.com\/site\/wp-content\/uploads\/2017\/01\/306854807_5735750926482205_334999758181420676_n-370x370.jpeg 370w, https:\/\/astilias.com\/site\/wp-content\/uploads\/2017\/01\/306854807_5735750926482205_334999758181420676_n-150x150.jpeg 150w, https:\/\/astilias.com\/site\/wp-content\/uploads\/2017\/01\/306854807_5735750926482205_334999758181420676_n-90x90.jpeg 90w, https:\/\/astilias.com\/site\/wp-content\/uploads\/2017\/01\/306854807_5735750926482205_334999758181420676_n-100x100.jpeg 100w\" sizes=\"(max-width: 370px) 100vw, 370px\" \/><\/a>\r\n\t\t\t\t\t<div class=\"trx_addons_hover_mask\"><\/div><div class=\"trx_addons_hover_content\">\r\n\t\t\t\t\t\t\t\t<a href=\"https:\/\/astilias.com\/site\/team\/claudia-diogo\/\" class=\"trx_addons_hover_icon trx_addons_hover_icon_link\"><\/a>\r\n\t\t\t\t\t\t\t\t<a href=\"https:\/\/astilias.com\/site\/wp-content\/uploads\/2017\/01\/306854807_5735750926482205_334999758181420676_n-770x429.jpeg\" class=\"trx_addons_hover_icon trx_addons_hover_icon_zoom\"><\/a>\r\n\t\t\t\t\t\t\t<\/div><\/div>\t<div class=\"sc_team_item_info\">\r\n\t\t<div class=\"sc_team_item_header\">\r\n\t\t\t<h4 class=\"sc_team_item_title\"><a href=\"https:\/\/astilias.com\/site\/team\/claudia-diogo\/\">Chef Cl\u00e1udia<\/a><\/h4>\r\n\t\t\t<div class=\"sc_team_item_subtitle\">S\u00f3cia Gerente<\/div>\r\n\t\t<\/div>\r\n\t<\/div>\r\n<\/div>\r\n<\/div><\/div><\/div><!-- \/.sc_team -->[vc_empty_space alter_height=&#8221;huge&#8221; hide_on_mobile=&#8221;&#8221;][\/vc_column][\/vc_row][vc_row full_width=&#8221;stretch_row&#8221; css=&#8221;.vc_custom_1484304035180{background-color: #ffbd2f !important;}&#8221;][vc_column icons_position=&#8221;left&#8221;][vc_empty_space alter_height=&#8221;large&#8221; hide_on_mobile=&#8221;&#8221; css=&#8221;.vc_custom_1487058828412{margin-top: 0.4rem !important;}&#8221;][vc_empty_space alter_height=&#8221;large&#8221; hide_on_mobile=&#8221;&#8221; css=&#8221;.vc_custom_1487058854805{margin-bottom: -0.2rem !important;}&#8221;][\/vc_column][\/vc_row]<\/p>\n","protected":false},"excerpt":{"rendered":"<p>[vc_row row_delimiter=&#8221;&#8221; row_fixed=&#8221;&#8221; hide_on_tablet=&#8221;&#8221; hide_on_mobile=&#8221;&#8221; hide_on_frontpage=&#8221;&#8221; css=&#8221;.vc_custom_1670285355790{margin-right: 10% !important;margin-left: 10% !important;background-position: center !important;background-repeat: no-repeat !important;background-size: cover !important;}&#8221;][vc_column icons_position=&#8221;left&#8221; offset=&#8221;vc_hidden-sm vc_hidden-xs&#8221;][vc_empty_space height=&#8221;15px&#8221; alter_height=&#8221;superhuge&#8221; hide_on_mobile=&#8221;&#8221;][vc_empty_space height=&#8221;15px&#8221; alter_height=&#8221;medium&#8221; hide_on_mobile=&#8221;&#8221; css=&#8221;.vc_custom_1670285462504{margin-bottom: 0.3rem !important;}&#8221;][vc_column_text]Com mais de 20 anos de vida, o Restaurante \u201cAs T\u00edlias\u201d na cidade do Fund\u00e3o apresenta uma ementa sazonal que reinventa as receitas tradicionais, apostando sempre em produtos regionais de elevada qualidade.&hellip;<\/p>\n","protected":false},"author":1,"featured_media":0,"parent":0,"menu_order":0,"comment_status":"closed","ping_status":"closed","template":"","meta":{"footnotes":""},"class_list":["post-28","page","type-page","status-publish","hentry"],"_links":{"self":[{"href":"https:\/\/astilias.com\/site\/wp-json\/wp\/v2\/pages\/28","targetHints":{"allow":["GET"]}}],"collection":[{"href":"https:\/\/astilias.com\/site\/wp-json\/wp\/v2\/pages"}],"about":[{"href":"https:\/\/astilias.com\/site\/wp-json\/wp\/v2\/types\/page"}],"author":[{"embeddable":true,"href":"https:\/\/astilias.com\/site\/wp-json\/wp\/v2\/users\/1"}],"replies":[{"embeddable":true,"href":"https:\/\/astilias.com\/site\/wp-json\/wp\/v2\/comments?post=28"}],"version-history":[{"count":15,"href":"https:\/\/astilias.com\/site\/wp-json\/wp\/v2\/pages\/28\/revisions"}],"predecessor-version":[{"id":4919,"href":"https:\/\/astilias.com\/site\/wp-json\/wp\/v2\/pages\/28\/revisions\/4919"}],"wp:attachment":[{"href":"https:\/\/astilias.com\/site\/wp-json\/wp\/v2\/media?parent=28"}],"curies":[{"name":"wp","href":"https:\/\/api.w.org\/{rel}","templated":true}]}}