{"id":60,"date":"2017-01-10T09:33:48","date_gmt":"2017-01-10T09:33:48","guid":{"rendered":"https:\/\/astilias.com\/site\/?page_id=60"},"modified":"2022-12-14T12:02:38","modified_gmt":"2022-12-14T12:02:38","slug":"menu","status":"publish","type":"page","link":"https:\/\/astilias.com\/site\/menu\/","title":{"rendered":"Ementa"},"content":{"rendered":"<p>[vc_row row_delimiter=&#8221;&#8221; row_fixed=&#8221;&#8221; hide_on_tablet=&#8221;&#8221; hide_on_mobile=&#8221;&#8221; hide_on_frontpage=&#8221;&#8221; css=&#8221;.vc_custom_1671019356154{background-image: url(https:\/\/astilias.com\/site\/wp-content\/uploads\/2022\/11\/textured-background-in-white-tone-scaled.jpg?id=4701) !important;}&#8221;][vc_column icons_position=&#8221;left&#8221;][vc_empty_space height=&#8221;20px&#8221; hide_on_mobile=&#8221;&#8221;]<div id=\"sc_title_349618952\"\r\n\t\tclass=\"sc_title sc_title_default\"><h3 class=\"sc_item_title sc_title_title sc_align_center sc_item_title_style_default\">A Nossa Ementa<\/h3><\/div><!-- \/.sc_title -->[vc_empty_space height=&#8221;20px&#8221; hide_on_mobile=&#8221;&#8221;][vc_single_image image=&#8221;4955&#8243; img_size=&#8221;medium&#8221; alignment=&#8221;center&#8221;][vc_empty_space height=&#8221;20px&#8221; hide_on_mobile=&#8221;&#8221;][vc_column_text]<\/p>\n<p class=\"has-text-align-center has-custom-size has-custom-font\"><span style=\"color: #333399;\"><strong>Rede Wi-Fi:\u00a0<\/strong>Meo-445901<\/span><\/p>\n<p class=\"has-text-align-center has-custom-size has-custom-font\"><span style=\"color: #333399;\"><strong>Password Wi-Fi:<\/strong>\u00a0astilias.restaurante<\/span><\/p>\n<p>[\/vc_column_text][vc_empty_space height=&#8221;30px&#8221; hide_on_mobile=&#8221;&#8221;][\/vc_column][\/vc_row][vc_row row_delimiter=&#8221;&#8221; row_fixed=&#8221;&#8221; hide_on_tablet=&#8221;&#8221; hide_on_mobile=&#8221;&#8221; hide_on_frontpage=&#8221;&#8221; css=&#8221;.vc_custom_1670286507897{background-color: #fcf8ed !important;}&#8221;][vc_column icons_position=&#8221;left&#8221; css=&#8221;.vc_custom_1670319849449{margin-right: 0px !important;margin-left: 0px !important;}&#8221;][vc_empty_space height=&#8221;20px&#8221; hide_on_mobile=&#8221;&#8221;][vc_column_text css=&#8221;.vc_custom_1670432302315{margin-right: 0% !important;margin-left: 0% !important;}&#8221;]<\/p>\n<h4 class=\"has-text-align-center has-custom-size has-custom-font\" style=\"text-align: center;\"><span style=\"color: #333333;\">ENTRADAS<\/span><\/h4>\n<div class=\"fdm-the-menu\">\n<div class=\"fdm-item-panel\" style=\"text-align: center;\" data-price=\"5,50\u20ac\">\n<p><span style=\"color: #333333;\">Fritters de queijo de cabra com pickle de cereja e verdura&#8230;&#8230;&#8230;.5,50\u20ac<\/span><\/p>\n<p><span style=\"color: #333333;\">Morcela assada com chutney de cebola e laranja&#8230;&#8230;&#8230;.6,30\u20ac<\/span><\/p>\n<p><span style=\"color: #333333;\">Sopa do dia&#8230;&#8230;&#8230;.2,00\u20ac<\/span><\/p>\n<p><span style=\"color: #333333;\">T\u00e1bua de queijos e enchidos da regi\u00e3o&#8230;&#8230;&#8230;.10,00\u20ac<\/span><\/p>\n<p><span style=\"color: #333333;\">Salada c\/ queijo de cabra e bals\u00e2mico de cereja&#8230;&#8230;&#8230;.4,50\u20ac<\/span><\/p>\n<h4><span style=\"color: #333333;\">SUGEST\u00d5ES DA CHEF<\/span><\/h4>\n<div class=\"fdm-item-panel\" data-price=\"14,50\u20ac\">\n<p><span style=\"color: #333333;\">Bacalhau assado c\/ batatas a murro&#8230;&#8230;&#8230;.14,50\u20ac<\/span><\/p>\n<p><span style=\"color: #333333;\">Bife de atum c\/ salsa de manga e lima e batata frita&#8230;&#8230;&#8230;.14,50\u20ac<\/span><\/p>\n<p><span style=\"color: #333333;\">Chocos grelhados com molho verde&#8230;&#8230;&#8230;.11,70\u20ac<\/span><\/p>\n<p><span style=\"color: #333333;\">Churrasco de vitela&#8230;&#8230;&#8230;.9,20\u20ac<\/span><\/p>\n<p><span style=\"color: #333333;\">Frango assado&#8230;&#8230;&#8230;.8,25\u20ac<\/span><\/p>\n<p><span style=\"color: #333333;\">Lombinhos de porco com cerejas e castanhas&#8230;&#8230;&#8230;.12,10\u20ac<\/span><\/p>\n<p><span style=\"color: #333333;\">Maranho XL com batatas fritas e esparregado (2 pessoas)&#8230;&#8230;&#8230;.21,00\u20ac<\/span><\/p>\n<p><span style=\"color: #333333;\">Misto de carnes grelhadas&#8230;&#8230;&#8230;.9,70\u20ac<\/span><\/p>\n<p><span style=\"color: #333333;\">Perna de pato confitada, marmelo e legumes de Outono com crumble de bulgur&#8230;&#8230;&#8230;.12,50\u20ac<\/span><\/p>\n<p><span style=\"color: #333333;\">Porco preto em azeite e alho&#8230;&#8230;&#8230;.10,50\u20ac<\/span><\/p>\n<h4><span style=\"color: #333333;\">PARA OS MAIS PEQUENOS<\/span><\/h4>\n<\/div>\n<ul id=\"fdm-menu-1\" class=\"fdm-menu fdm-menu-560 fdm-menu-classic fdm-menu-sidebar- fdm-columns-2 fdm-layout-classic clearfix\"><\/ul>\n<div class=\"fdm-item-panel\" data-price=\"5,00\u20ac\">\n<p><span style=\"color: #333333;\">Bifinho de per\u00fa&#8230;&#8230;&#8230;.5,00\u20ac<\/span><\/p>\n<p><span style=\"color: #333333;\">Bifinho de vitela grelhado&#8230;&#8230;&#8230;.5,00\u20ac<\/span><\/p>\n<p><span style=\"color: #333333;\">Douradinhos com arroz&#8230;&#8230;&#8230;.4,00\u20ac<\/span><\/p>\n<p><span style=\"color: #333333;\">Febrinha grelhada&#8230;&#8230;&#8230;.5,00\u20ac<\/span><\/p>\n<p><span style=\"color: #333333;\">Panadinhos de frango&#8230;&#8230;&#8230;.5,00\u20ac<\/span><\/p>\n<p><span style=\"color: #333333;\">Gelado Smarties Funcup&#8230;&#8230;&#8230;.2,20\u20ac<\/span><\/p>\n<p><span style=\"color: #333333;\">Gelado Fantasmikos&#8230;&#8230;&#8230;.2,20\u20ac<\/span><\/p>\n<p><span style=\"color: #333333;\">Gelado Savana Africana&#8230;&#8230;&#8230;.3,50\u20ac<\/span><\/p>\n<p><span style=\"color: #333333;\">Copo de sumo \u201cComFruta\u201d *&#8230;&#8230;&#8230;.1,50\u20ac<\/span><\/p>\n<div class=\"fdm-item-panel\" data-price=\"1,50\u20ac\">\n<div class=\"fdm-item-content\">\n<p><span style=\"color: #333333;\">*Simplesmente fruta espremida. Sabores sazonais. Produzido no Fund\u00e3o, de pomares selecionados da Cova da Beira.<\/span><\/p>\n<\/div>\n<\/div>\n<\/div>\n<h4><span style=\"color: #333333;\">OP\u00c7\u00d5ES VEGETARIANAS<\/span><\/h4>\n<p><span style=\"color: #333333;\">Risotto de cogumelos silvestres com espargos verdes&#8230;&#8230;&#8230;.9,30\u20ac<\/span><\/p>\n<p><span style=\"color: #333333;\">Medalh\u00f5es de legumes e leguminosas com esparregado e batatas fritas&#8230;&#8230;&#8230;.8,75\u20ac<\/span><\/p>\n<p class=\"fdm-item-title\"><span style=\"color: #333333;\">Caril Jal-frezi de legumes, gr\u00e3o e tofu&#8230;&#8230;&#8230;.9,70\u20ac<\/span><\/p>\n<h4><span style=\"color: #333333;\">SOBREMESAS<\/span><\/h4>\n<div class=\"fdm-item-panel\" data-price=\"1,30\u20ac\">\n<p><span style=\"color: #333333;\">Bola de gelado (consulte os sabores dispon\u00edveis)&#8230;&#8230;&#8230;.1,30\u20ac<\/span><\/p>\n<p><span style=\"color: #333333;\">Bolinho quente de caramelo c\/ gelado de baunilha&#8230;&#8230;&#8230;.3,95\u20ac<\/span><\/p>\n<p><span style=\"color: #333333;\">Molotof&#8230;&#8230;&#8230;.3,00\u20ac<\/span><\/p>\n<p><span style=\"color: #333333;\">Mousse de chocolate&#8230;&#8230;&#8230;.3,00\u20ac<\/span><\/p>\n<p><span style=\"color: #333333;\">Mousse de chocolate c\/ caf\u00e9 mo\u00eddo&#8230;&#8230;&#8230;.3,20\u20ac<\/span><\/p>\n<p><span style=\"color: #333333;\">Panna Cotta de baunilha c\/ frutos silvestres&#8230;&#8230;&#8230;.3,50\u20ac<\/span><\/p>\n<p><span style=\"color: #333333;\">P\u00e3o de l\u00f3 \u00e0 moda de Ovar c\/ shot de frutos silvestres&#8230;&#8230;&#8230;.3,70\u20ac<\/span><\/p>\n<p><span style=\"color: #333333;\">Pudim de ovos&#8230;&#8230;&#8230;.3,00\u20ac<\/span><\/p>\n<p><span style=\"color: #333333;\">Queijo de cabra c\/ marmelada de p\u00eara e shiitake&#8230;&#8230;&#8230;.4,80\u20ac<\/span><\/p>\n<p><span style=\"color: #333333;\">Queijo misto \/ Queijo de cabra&#8230;&#8230;&#8230;.3,80\u20ac<\/span><\/p>\n<div class=\"fdm-item-panel\" data-price=\"9,70\u20ac\">\n<div class=\"fdm-item-price-wrapper\" data-min_price=\"1000000\" data-max_price=\"0\">\n<div class=\"fdm-item-price\">Todos os pre\u00e7os incluem IVA \u00e0 taxa legal em vigor<\/div>\n<\/div>\n<\/div>\n<div class=\"clearfix\"><\/div>\n<\/div>\n<\/div>\n<ul>\n<li style=\"list-style-type: none;\">\n<div class=\"fdm-item-panel\" data-price=\"1,30\u20ac\">\n<div class=\"fdm-the-menu\">\n<ul id=\"fdm-menu-1\" class=\"fdm-menu fdm-menu-560 fdm-menu-classic fdm-menu-sidebar- fdm-columns-2 fdm-layout-classic clearfix\">\n<li class=\"fdm-column fdm-column-1 fdm-column-last\" style=\"list-style-type: none; text-align: center;\"><\/li>\n<\/ul>\n<\/div>\n<\/div>\n<\/li>\n<\/ul>\n<\/div>\n<p>[\/vc_column_text][vc_empty_space height=&#8221;20px&#8221; hide_on_mobile=&#8221;&#8221;][\/vc_column][\/vc_row][vc_row full_width=&#8221;stretch_row&#8221; css=&#8221;.vc_custom_1486977813880{background-color: #ffbd2f !important;}&#8221;][vc_column width=&#8221;7\/12&#8243; icons_position=&#8221;left&#8221;][vc_empty_space alter_height=&#8221;small&#8221; hide_on_mobile=&#8221;&#8221; css=&#8221;.vc_custom_1486983938205{margin-top: 0.5rem !important;}&#8221;]<div id=\"sc_title_844098754\"\r\n\t\tclass=\"scheme_dark sc_title sc_title_default\"><h5 class=\"sc_item_title sc_title_title sc_align_right sc_item_title_style_default sc_item_title_tag\">Encomende em datas especiais<\/h5><\/div><!-- \/.sc_title -->[\/vc_column][vc_column width=&#8221;5\/12&#8243; icons_position=&#8221;left&#8221;][vc_empty_space alter_height=&#8221;small&#8221; hide_on_mobile=&#8221;&#8221; css=&#8221;.vc_custom_1486983956359{margin-top: -2px !important;}&#8221;]<div class=\"sc_item_button sc_button_wrap sc_align_left\"><a href=\"https:\/\/astilias.com\/site\/shop\/\"target=\"_self\" id=\"sc_button_256813378\" class=\"sc_button sc_button_inverse sc_button_size_normal sc_button_icon_left\"><span class=\"sc_button_text\"><span class=\"sc_button_title\">Ver os pratos...<\/span><\/span><!-- \/.sc_button_text --><\/a><!-- \/.sc_button --><\/div><!-- \/.sc_item_button -->[vc_empty_space hide_on_mobile=&#8221;&#8221; css=&#8221;.vc_custom_1486983981680{margin-bottom: 0.1rem !important;}&#8221;][\/vc_column][\/vc_row]<\/p>\n","protected":false},"excerpt":{"rendered":"<p>[vc_row row_delimiter=&#8221;&#8221; row_fixed=&#8221;&#8221; hide_on_tablet=&#8221;&#8221; hide_on_mobile=&#8221;&#8221; hide_on_frontpage=&#8221;&#8221; css=&#8221;.vc_custom_1671019356154{background-image: url(https:\/\/astilias.com\/site\/wp-content\/uploads\/2022\/11\/textured-background-in-white-tone-scaled.jpg?id=4701) !important;}&#8221;][vc_column icons_position=&#8221;left&#8221;][vc_empty_space height=&#8221;20px&#8221; hide_on_mobile=&#8221;&#8221;][vc_empty_space height=&#8221;20px&#8221; hide_on_mobile=&#8221;&#8221;][vc_single_image image=&#8221;4955&#8243; img_size=&#8221;medium&#8221; alignment=&#8221;center&#8221;][vc_empty_space height=&#8221;20px&#8221; hide_on_mobile=&#8221;&#8221;][vc_column_text] Rede Wi-Fi:\u00a0Meo-445901 Password Wi-Fi:\u00a0astilias.restaurante [\/vc_column_text][vc_empty_space height=&#8221;30px&#8221; hide_on_mobile=&#8221;&#8221;][\/vc_column][\/vc_row][vc_row row_delimiter=&#8221;&#8221; row_fixed=&#8221;&#8221; hide_on_tablet=&#8221;&#8221; hide_on_mobile=&#8221;&#8221; hide_on_frontpage=&#8221;&#8221; css=&#8221;.vc_custom_1670286507897{background-color: #fcf8ed !important;}&#8221;][vc_column icons_position=&#8221;left&#8221; css=&#8221;.vc_custom_1670319849449{margin-right: 0px !important;margin-left: 0px !important;}&#8221;][vc_empty_space height=&#8221;20px&#8221; hide_on_mobile=&#8221;&#8221;][vc_column_text css=&#8221;.vc_custom_1670432302315{margin-right: 0% !important;margin-left: 0% !important;}&#8221;] ENTRADAS Fritters de queijo de cabra com pickle de cereja e verdura&#8230;&#8230;&#8230;.5,50\u20ac Morcela&hellip;<\/p>\n","protected":false},"author":1,"featured_media":0,"parent":0,"menu_order":0,"comment_status":"closed","ping_status":"closed","template":"","meta":{"footnotes":""},"class_list":["post-60","page","type-page","status-publish","hentry"],"_links":{"self":[{"href":"https:\/\/astilias.com\/site\/wp-json\/wp\/v2\/pages\/60","targetHints":{"allow":["GET"]}}],"collection":[{"href":"https:\/\/astilias.com\/site\/wp-json\/wp\/v2\/pages"}],"about":[{"href":"https:\/\/astilias.com\/site\/wp-json\/wp\/v2\/types\/page"}],"author":[{"embeddable":true,"href":"https:\/\/astilias.com\/site\/wp-json\/wp\/v2\/users\/1"}],"replies":[{"embeddable":true,"href":"https:\/\/astilias.com\/site\/wp-json\/wp\/v2\/comments?post=60"}],"version-history":[{"count":38,"href":"https:\/\/astilias.com\/site\/wp-json\/wp\/v2\/pages\/60\/revisions"}],"predecessor-version":[{"id":5144,"href":"https:\/\/astilias.com\/site\/wp-json\/wp\/v2\/pages\/60\/revisions\/5144"}],"wp:attachment":[{"href":"https:\/\/astilias.com\/site\/wp-json\/wp\/v2\/media?parent=60"}],"curies":[{"name":"wp","href":"https:\/\/api.w.org\/{rel}","templated":true}]}}